{"id":15,"date":"2023-11-21T13:29:26","date_gmt":"2023-11-21T12:29:26","guid":{"rendered":"https:\/\/serwer2326365.home.pl\/autoinstalator\/wordpressplugins\/?page_id=15"},"modified":"2026-02-10T12:25:20","modified_gmt":"2026-02-10T11:25:20","slug":"strona-glowna","status":"publish","type":"page","link":"https:\/\/sp2plewiska.edu.pl\/","title":{"rendered":"Szybki dost\u0119p"},"content":{"rendered":"\n<div class=\"wp-block-group is-content-justification-center is-nowrap is-layout-flex wp-container-core-group-is-layout-94bc23d7 wp-block-group-is-layout-flex\">\n<div style=\"height:100px;width:25px\" aria-hidden=\"true\" class=\"wp-block-spacer wp-container-content-c00f5982\"><\/div>\n\n\n\n<figure class=\"wp-block-image size-full is-resized\"><a href=\"https:\/\/portal.librus.pl\/rodzina\"><img decoding=\"async\" width=\"173\" height=\"163\" src=\"https:\/\/serwer2326365.home.pl\/autoinstalator\/wordpressplugins\/wp-content\/uploads\/2024\/02\/librus.jpg\" alt=\"\" class=\"wp-image-234\" style=\"width:114px;height:auto\"\/><\/a><\/figure>\n\n\n\n<div style=\"height:100px;width:25px\" aria-hidden=\"true\" class=\"wp-block-spacer wp-container-content-c00f5982\"><\/div>\n\n\n\n<figure class=\"wp-block-image size-large is-resized\"><a href=\"https:\/\/sp2plewiska.naszbip.pl\/\"><img fetchpriority=\"high\" decoding=\"async\" width=\"1024\" height=\"364\" src=\"https:\/\/sp2plewiska.edu.pl\/wp-content\/uploads\/2024\/03\/logo_bip-1024x364.jpg\" alt=\"\" class=\"wp-image-417\" style=\"width:198px;height:auto\" srcset=\"https:\/\/sp2plewiska.edu.pl\/wp-content\/uploads\/2024\/03\/logo_bip-1024x364.jpg 1024w, https:\/\/sp2plewiska.edu.pl\/wp-content\/uploads\/2024\/03\/logo_bip-300x107.jpg 300w, https:\/\/sp2plewiska.edu.pl\/wp-content\/uploads\/2024\/03\/logo_bip-768x273.jpg 768w, https:\/\/sp2plewiska.edu.pl\/wp-content\/uploads\/2024\/03\/logo_bip.jpg 1095w\" sizes=\"(max-width: 1024px) 100vw, 1024px\" \/><\/a><\/figure>\n\n\n\n<figure class=\"wp-block-image size-full is-resized\"><a href=\"https:\/\/sp2plewiska.edu.pl\/index.php\/egzamin-e8\/\"><img decoding=\"async\" width=\"512\" height=\"365\" src=\"https:\/\/sp2plewiska.edu.pl\/wp-content\/uploads\/2024\/05\/e8.jpg\" alt=\"\" class=\"wp-image-569\" style=\"width:193px;height:auto\" srcset=\"https:\/\/sp2plewiska.edu.pl\/wp-content\/uploads\/2024\/05\/e8.jpg 512w, https:\/\/sp2plewiska.edu.pl\/wp-content\/uploads\/2024\/05\/e8-300x214.jpg 300w\" sizes=\"(max-width: 512px) 100vw, 512px\" \/><\/a><\/figure>\n<\/div>\n\n\n\n<p class=\"has-text-align-center has-black-color has-white-background-color has-text-color has-background has-link-color has-medium-font-size wp-elements-6b96605d73e37eb9a3a8be68085fcda5\"><\/p>\n\n\n<div class=\"wp-block-image\">\n<figure class=\"aligncenter size-large is-resized\"><a href=\"https:\/\/sp2plewiska.edu.pl\/wp-content\/uploads\/2026\/02\/plan-II-polrocze-2025-2026.pdf\"><img loading=\"lazy\" decoding=\"async\" width=\"1024\" height=\"1024\" src=\"https:\/\/sp2plewiska.edu.pl\/wp-content\/uploads\/2025\/08\/Plan-lekcji-1024x1024.png\" alt=\"\" class=\"wp-image-885\" style=\"width:363px;height:auto\" srcset=\"https:\/\/sp2plewiska.edu.pl\/wp-content\/uploads\/2025\/08\/Plan-lekcji-1024x1024.png 1024w, https:\/\/sp2plewiska.edu.pl\/wp-content\/uploads\/2025\/08\/Plan-lekcji-300x300.png 300w, https:\/\/sp2plewiska.edu.pl\/wp-content\/uploads\/2025\/08\/Plan-lekcji-150x150.png 150w, https:\/\/sp2plewiska.edu.pl\/wp-content\/uploads\/2025\/08\/Plan-lekcji-768x768.png 768w, https:\/\/sp2plewiska.edu.pl\/wp-content\/uploads\/2025\/08\/Plan-lekcji.png 1181w\" sizes=\"(max-width: 1024px) 100vw, 1024px\" \/><\/a><\/figure>\n<\/div>\n\n\n<p class=\"has-text-align-center has-black-color has-white-background-color has-text-color has-background has-link-color has-medium-font-size wp-elements-6b96605d73e37eb9a3a8be68085fcda5\"><\/p>\n\n\n\n<div class=\"wp-block-columns is-layout-flex wp-container-core-columns-is-layout-9d6595d7 wp-block-columns-is-layout-flex\">\n<div class=\"wp-block-column is-layout-flow wp-block-column-is-layout-flow\"><\/div>\n\n\n\n<div class=\"wp-block-column is-layout-flow wp-block-column-is-layout-flow\"><\/div>\n<\/div>\n\n\n\n<p class=\"has-black-color has-pale-cyan-blue-background-color has-text-color has-background has-link-color has-medium-font-size wp-elements-bb1bc893a649942d52fed04d295126e2\">  <a href=\"https:\/\/sp2plewiska.edu.pl\/index.php\/aktualnosci\/\"> <strong>Aktualno\u015bci<\/strong>   <\/a><\/p>\n\n\n\n<div class=\"wp-block-group\"><div class=\"wp-block-group__inner-container is-layout-constrained wp-block-group-is-layout-constrained\"><ul class=\"wp-block-latest-posts__list wp-block-latest-posts\"><li><a class=\"wp-block-latest-posts__post-title\" href=\"https:\/\/sp2plewiska.edu.pl\/index.php\/2026\/01\/13\/kpo\/\">KPO<\/a><\/li>\n<li><a class=\"wp-block-latest-posts__post-title\" href=\"https:\/\/sp2plewiska.edu.pl\/index.php\/2025\/08\/26\/rozpoczecie-roku-szkolnego-2025-2026\/\">Rozpocz\u0119cie roku szkolnego 2025\/2026<\/a><\/li>\n<li><a class=\"wp-block-latest-posts__post-title\" href=\"https:\/\/sp2plewiska.edu.pl\/index.php\/2025\/08\/21\/dzien-adaptacyjny-dla-uczniow-klas-0\/\">Dzie\u0144 adaptacyjny dla uczni\u00f3w zer\u00f3wki<\/a><\/li>\n<li><a class=\"wp-block-latest-posts__post-title\" href=\"https:\/\/sp2plewiska.edu.pl\/index.php\/2025\/08\/18\/846\/\">Awaria centrali telefonicznej<\/a><\/li>\n<li><a class=\"wp-block-latest-posts__post-title\" href=\"https:\/\/sp2plewiska.edu.pl\/index.php\/2025\/07\/18\/wyprawka-dla-dzieci-z-oddzialow-przedszkolnych-zerowki\/\">Wyprawka dla dzieci z oddzia\u0142\u00f3w przedszkolnych &#8211; zer\u00f3wki<\/a><\/li>\n<\/ul><\/div><\/div>\n","protected":false},"excerpt":{"rendered":"<p>Aktualno\u015bci<\/p>\n","protected":false},"author":1,"featured_media":0,"parent":0,"menu_order":0,"comment_status":"closed","ping_status":"closed","template":"","meta":{"footnotes":""},"class_list":["post-15","page","type-page","status-publish","hentry"],"yoast_head":"<!-- This site is optimized with the Yoast SEO plugin v21.5 - https:\/\/yoast.com\/wordpress\/plugins\/seo\/ -->\n<title>Szybki dost\u0119p - Szko\u0142a Podstawowa nr 2 im. Marii Sk\u0142odowskiej - Curie<\/title>\n<meta name=\"robots\" content=\"index, follow, max-snippet:-1, max-image-preview:large, max-video-preview:-1\" \/>\n<link rel=\"canonical\" href=\"https:\/\/sp2plewiska.edu.pl\/\" \/>\n<meta property=\"og:locale\" content=\"pl_PL\" \/>\n<meta property=\"og:type\" content=\"article\" \/>\n<meta property=\"og:title\" content=\"Szybki dost\u0119p - Szko\u0142a Podstawowa nr 2 im. Marii Sk\u0142odowskiej - Curie\" \/>\n<meta property=\"og:description\" content=\"Aktualno\u015bci\" \/>\n<meta property=\"og:url\" content=\"https:\/\/sp2plewiska.edu.pl\/\" \/>\n<meta property=\"og:site_name\" content=\"Szko\u0142a Podstawowa nr 2 im. Marii Sk\u0142odowskiej - Curie\" \/>\n<meta property=\"article:modified_time\" content=\"2026-02-10T11:25:20+00:00\" \/>\n<meta property=\"og:image\" content=\"https:\/\/serwer2326365.home.pl\/autoinstalator\/wordpressplugins\/wp-content\/uploads\/2024\/02\/librus.jpg\" \/>\n<meta name=\"twitter:card\" content=\"summary_large_image\" \/>\n<meta name=\"twitter:label1\" content=\"Szacowany czas czytania\" \/>\n\t<meta name=\"twitter:data1\" content=\"1 minuta\" \/>\n<script type=\"application\/ld+json\" class=\"yoast-schema-graph\">{\"@context\":\"https:\/\/schema.org\",\"@graph\":[{\"@type\":\"WebPage\",\"@id\":\"https:\/\/sp2plewiska.edu.pl\/\",\"url\":\"https:\/\/sp2plewiska.edu.pl\/\",\"name\":\"Szybki dost\u0119p - Szko\u0142a Podstawowa nr 2 im. Marii Sk\u0142odowskiej - Curie\",\"isPartOf\":{\"@id\":\"https:\/\/sp2plewiska.edu.pl\/#website\"},\"datePublished\":\"2023-11-21T12:29:26+00:00\",\"dateModified\":\"2026-02-10T11:25:20+00:00\",\"breadcrumb\":{\"@id\":\"https:\/\/sp2plewiska.edu.pl\/#breadcrumb\"},\"inLanguage\":\"pl-PL\",\"potentialAction\":[{\"@type\":\"ReadAction\",\"target\":[\"https:\/\/sp2plewiska.edu.pl\/\"]}]},{\"@type\":\"BreadcrumbList\",\"@id\":\"https:\/\/sp2plewiska.edu.pl\/#breadcrumb\",\"itemListElement\":[{\"@type\":\"ListItem\",\"position\":1,\"name\":\"Home\",\"item\":\"https:\/\/sp2plewiska.edu.pl\/\"},{\"@type\":\"ListItem\",\"position\":2,\"name\":\"Szybki dost\u0119p\"}]},{\"@type\":\"WebSite\",\"@id\":\"https:\/\/sp2plewiska.edu.pl\/#website\",\"url\":\"https:\/\/sp2plewiska.edu.pl\/\",\"name\":\"Szko\u0142a Podstawowa nr 2 im. Marii Sk\u0142odowskiej - Curie\",\"description\":\"w Plewiskach\",\"publisher\":{\"@id\":\"https:\/\/sp2plewiska.edu.pl\/#organization\"},\"potentialAction\":[{\"@type\":\"SearchAction\",\"target\":{\"@type\":\"EntryPoint\",\"urlTemplate\":\"https:\/\/sp2plewiska.edu.pl\/?s={search_term_string}\"},\"query-input\":\"required name=search_term_string\"}],\"inLanguage\":\"pl-PL\"},{\"@type\":\"Organization\",\"@id\":\"https:\/\/sp2plewiska.edu.pl\/#organization\",\"name\":\"Szko\u0142a Podstawowa nr 2 im. Marii Sk\u0142odowskiej - Curie\",\"url\":\"https:\/\/sp2plewiska.edu.pl\/\",\"logo\":{\"@type\":\"ImageObject\",\"inLanguage\":\"pl-PL\",\"@id\":\"https:\/\/sp2plewiska.edu.pl\/#\/schema\/logo\/image\/\",\"url\":\"https:\/\/sp2plewiska.edu.pl\/wp-content\/uploads\/2024\/04\/cropped-cropped-8-1-scaled-1.jpg\",\"contentUrl\":\"https:\/\/sp2plewiska.edu.pl\/wp-content\/uploads\/2024\/04\/cropped-cropped-8-1-scaled-1.jpg\",\"width\":2520,\"height\":936,\"caption\":\"Szko\u0142a Podstawowa nr 2 im. Marii Sk\u0142odowskiej - Curie \"},\"image\":{\"@id\":\"https:\/\/sp2plewiska.edu.pl\/#\/schema\/logo\/image\/\"}}]}<\/script>\n<!-- \/ Yoast SEO plugin. -->","yoast_head_json":{"title":"Szybki dost\u0119p - Szko\u0142a Podstawowa nr 2 im. Marii Sk\u0142odowskiej - Curie","robots":{"index":"index","follow":"follow","max-snippet":"max-snippet:-1","max-image-preview":"max-image-preview:large","max-video-preview":"max-video-preview:-1"},"canonical":"https:\/\/sp2plewiska.edu.pl\/","og_locale":"pl_PL","og_type":"article","og_title":"Szybki dost\u0119p - Szko\u0142a Podstawowa nr 2 im. Marii Sk\u0142odowskiej - Curie","og_description":"Aktualno\u015bci","og_url":"https:\/\/sp2plewiska.edu.pl\/","og_site_name":"Szko\u0142a Podstawowa nr 2 im. Marii Sk\u0142odowskiej - Curie","article_modified_time":"2026-02-10T11:25:20+00:00","og_image":[{"url":"https:\/\/serwer2326365.home.pl\/autoinstalator\/wordpressplugins\/wp-content\/uploads\/2024\/02\/librus.jpg"}],"twitter_card":"summary_large_image","twitter_misc":{"Szacowany czas czytania":"1 minuta"},"schema":{"@context":"https:\/\/schema.org","@graph":[{"@type":"WebPage","@id":"https:\/\/sp2plewiska.edu.pl\/","url":"https:\/\/sp2plewiska.edu.pl\/","name":"Szybki dost\u0119p - Szko\u0142a Podstawowa nr 2 im. Marii Sk\u0142odowskiej - Curie","isPartOf":{"@id":"https:\/\/sp2plewiska.edu.pl\/#website"},"datePublished":"2023-11-21T12:29:26+00:00","dateModified":"2026-02-10T11:25:20+00:00","breadcrumb":{"@id":"https:\/\/sp2plewiska.edu.pl\/#breadcrumb"},"inLanguage":"pl-PL","potentialAction":[{"@type":"ReadAction","target":["https:\/\/sp2plewiska.edu.pl\/"]}]},{"@type":"BreadcrumbList","@id":"https:\/\/sp2plewiska.edu.pl\/#breadcrumb","itemListElement":[{"@type":"ListItem","position":1,"name":"Home","item":"https:\/\/sp2plewiska.edu.pl\/"},{"@type":"ListItem","position":2,"name":"Szybki dost\u0119p"}]},{"@type":"WebSite","@id":"https:\/\/sp2plewiska.edu.pl\/#website","url":"https:\/\/sp2plewiska.edu.pl\/","name":"Szko\u0142a Podstawowa nr 2 im. Marii Sk\u0142odowskiej - Curie","description":"w Plewiskach","publisher":{"@id":"https:\/\/sp2plewiska.edu.pl\/#organization"},"potentialAction":[{"@type":"SearchAction","target":{"@type":"EntryPoint","urlTemplate":"https:\/\/sp2plewiska.edu.pl\/?s={search_term_string}"},"query-input":"required name=search_term_string"}],"inLanguage":"pl-PL"},{"@type":"Organization","@id":"https:\/\/sp2plewiska.edu.pl\/#organization","name":"Szko\u0142a Podstawowa nr 2 im. Marii Sk\u0142odowskiej - Curie","url":"https:\/\/sp2plewiska.edu.pl\/","logo":{"@type":"ImageObject","inLanguage":"pl-PL","@id":"https:\/\/sp2plewiska.edu.pl\/#\/schema\/logo\/image\/","url":"https:\/\/sp2plewiska.edu.pl\/wp-content\/uploads\/2024\/04\/cropped-cropped-8-1-scaled-1.jpg","contentUrl":"https:\/\/sp2plewiska.edu.pl\/wp-content\/uploads\/2024\/04\/cropped-cropped-8-1-scaled-1.jpg","width":2520,"height":936,"caption":"Szko\u0142a Podstawowa nr 2 im. Marii Sk\u0142odowskiej - Curie "},"image":{"@id":"https:\/\/sp2plewiska.edu.pl\/#\/schema\/logo\/image\/"}}]}},"_links":{"self":[{"href":"https:\/\/sp2plewiska.edu.pl\/index.php\/wp-json\/wp\/v2\/pages\/15","targetHints":{"allow":["GET"]}}],"collection":[{"href":"https:\/\/sp2plewiska.edu.pl\/index.php\/wp-json\/wp\/v2\/pages"}],"about":[{"href":"https:\/\/sp2plewiska.edu.pl\/index.php\/wp-json\/wp\/v2\/types\/page"}],"author":[{"embeddable":true,"href":"https:\/\/sp2plewiska.edu.pl\/index.php\/wp-json\/wp\/v2\/users\/1"}],"replies":[{"embeddable":true,"href":"https:\/\/sp2plewiska.edu.pl\/index.php\/wp-json\/wp\/v2\/comments?post=15"}],"version-history":[{"count":88,"href":"https:\/\/sp2plewiska.edu.pl\/index.php\/wp-json\/wp\/v2\/pages\/15\/revisions"}],"predecessor-version":[{"id":1070,"href":"https:\/\/sp2plewiska.edu.pl\/index.php\/wp-json\/wp\/v2\/pages\/15\/revisions\/1070"}],"wp:attachment":[{"href":"https:\/\/sp2plewiska.edu.pl\/index.php\/wp-json\/wp\/v2\/media?parent=15"}],"curies":[{"name":"wp","href":"https:\/\/api.w.org\/{rel}","templated":true}]}}