{"id":16,"date":"2023-11-21T13:29:26","date_gmt":"2023-11-21T12:29:26","guid":{"rendered":"https:\/\/serwer2326365.home.pl\/autoinstalator\/wordpressplugins\/?page_id=16"},"modified":"2024-04-10T10:40:54","modified_gmt":"2024-04-10T08:40:54","slug":"informacje","status":"publish","type":"page","link":"https:\/\/sp2plewiska.edu.pl\/index.php\/informacje\/","title":{"rendered":"Z \u017cycia szko\u0142y"},"content":{"rendered":"\n<p class=\"has-pale-cyan-blue-background-color has-background has-medium-font-size\"><a href=\"https:\/\/sp2plewiska.edu.pl\/index.php\/konkursy\/\">Konkursy<\/a><\/p>\n\n\n\n<p class=\"has-vivid-cyan-blue-background-color has-background\">Autobus szkolny<\/p>\n","protected":false},"excerpt":{"rendered":"<p>Konkursy Autobus szkolny<\/p>\n","protected":false},"author":1,"featured_media":0,"parent":0,"menu_order":0,"comment_status":"closed","ping_status":"closed","template":"","meta":{"footnotes":""},"class_list":["post-16","page","type-page","status-publish","hentry"],"yoast_head":"<!-- This site is optimized with the Yoast SEO plugin v21.5 - https:\/\/yoast.com\/wordpress\/plugins\/seo\/ -->\n<title>Z \u017cycia szko\u0142y - Szko\u0142a Podstawowa nr 2 im. Marii Sk\u0142odowskiej - Curie<\/title>\n<meta name=\"robots\" content=\"index, follow, max-snippet:-1, max-image-preview:large, max-video-preview:-1\" \/>\n<link rel=\"canonical\" href=\"https:\/\/sp2plewiska.edu.pl\/index.php\/informacje\/\" \/>\n<meta property=\"og:locale\" content=\"pl_PL\" \/>\n<meta property=\"og:type\" content=\"article\" \/>\n<meta property=\"og:title\" content=\"Z \u017cycia szko\u0142y - Szko\u0142a Podstawowa nr 2 im. Marii Sk\u0142odowskiej - Curie\" \/>\n<meta property=\"og:description\" content=\"Konkursy Autobus szkolny\" \/>\n<meta property=\"og:url\" content=\"https:\/\/sp2plewiska.edu.pl\/index.php\/informacje\/\" \/>\n<meta property=\"og:site_name\" content=\"Szko\u0142a Podstawowa nr 2 im. Marii Sk\u0142odowskiej - Curie\" \/>\n<meta property=\"article:modified_time\" content=\"2024-04-10T08:40:54+00:00\" \/>\n<meta name=\"twitter:card\" content=\"summary_large_image\" \/>\n<meta name=\"twitter:label1\" content=\"Szacowany czas czytania\" \/>\n\t<meta name=\"twitter:data1\" content=\"1 minuta\" \/>\n<script type=\"application\/ld+json\" class=\"yoast-schema-graph\">{\"@context\":\"https:\/\/schema.org\",\"@graph\":[{\"@type\":\"WebPage\",\"@id\":\"https:\/\/sp2plewiska.edu.pl\/index.php\/informacje\/\",\"url\":\"https:\/\/sp2plewiska.edu.pl\/index.php\/informacje\/\",\"name\":\"Z \u017cycia szko\u0142y - Szko\u0142a Podstawowa nr 2 im. Marii Sk\u0142odowskiej - Curie\",\"isPartOf\":{\"@id\":\"https:\/\/sp2plewiska.edu.pl\/#website\"},\"datePublished\":\"2023-11-21T12:29:26+00:00\",\"dateModified\":\"2024-04-10T08:40:54+00:00\",\"breadcrumb\":{\"@id\":\"https:\/\/sp2plewiska.edu.pl\/index.php\/informacje\/#breadcrumb\"},\"inLanguage\":\"pl-PL\",\"potentialAction\":[{\"@type\":\"ReadAction\",\"target\":[\"https:\/\/sp2plewiska.edu.pl\/index.php\/informacje\/\"]}]},{\"@type\":\"BreadcrumbList\",\"@id\":\"https:\/\/sp2plewiska.edu.pl\/index.php\/informacje\/#breadcrumb\",\"itemListElement\":[{\"@type\":\"ListItem\",\"position\":1,\"name\":\"Home\",\"item\":\"https:\/\/sp2plewiska.edu.pl\/\"},{\"@type\":\"ListItem\",\"position\":2,\"name\":\"Z \u017cycia szko\u0142y\"}]},{\"@type\":\"WebSite\",\"@id\":\"https:\/\/sp2plewiska.edu.pl\/#website\",\"url\":\"https:\/\/sp2plewiska.edu.pl\/\",\"name\":\"Szko\u0142a Podstawowa nr 2 im. Marii Sk\u0142odowskiej - Curie\",\"description\":\"w Plewiskach\",\"publisher\":{\"@id\":\"https:\/\/sp2plewiska.edu.pl\/#organization\"},\"potentialAction\":[{\"@type\":\"SearchAction\",\"target\":{\"@type\":\"EntryPoint\",\"urlTemplate\":\"https:\/\/sp2plewiska.edu.pl\/?s={search_term_string}\"},\"query-input\":\"required name=search_term_string\"}],\"inLanguage\":\"pl-PL\"},{\"@type\":\"Organization\",\"@id\":\"https:\/\/sp2plewiska.edu.pl\/#organization\",\"name\":\"Szko\u0142a Podstawowa nr 2 im. Marii Sk\u0142odowskiej - Curie\",\"url\":\"https:\/\/sp2plewiska.edu.pl\/\",\"logo\":{\"@type\":\"ImageObject\",\"inLanguage\":\"pl-PL\",\"@id\":\"https:\/\/sp2plewiska.edu.pl\/#\/schema\/logo\/image\/\",\"url\":\"https:\/\/sp2plewiska.edu.pl\/wp-content\/uploads\/2024\/04\/cropped-cropped-8-1-scaled-1.jpg\",\"contentUrl\":\"https:\/\/sp2plewiska.edu.pl\/wp-content\/uploads\/2024\/04\/cropped-cropped-8-1-scaled-1.jpg\",\"width\":2520,\"height\":936,\"caption\":\"Szko\u0142a Podstawowa nr 2 im. Marii Sk\u0142odowskiej - Curie \"},\"image\":{\"@id\":\"https:\/\/sp2plewiska.edu.pl\/#\/schema\/logo\/image\/\"}}]}<\/script>\n<!-- \/ Yoast SEO plugin. -->","yoast_head_json":{"title":"Z \u017cycia szko\u0142y - Szko\u0142a Podstawowa nr 2 im. Marii Sk\u0142odowskiej - Curie","robots":{"index":"index","follow":"follow","max-snippet":"max-snippet:-1","max-image-preview":"max-image-preview:large","max-video-preview":"max-video-preview:-1"},"canonical":"https:\/\/sp2plewiska.edu.pl\/index.php\/informacje\/","og_locale":"pl_PL","og_type":"article","og_title":"Z \u017cycia szko\u0142y - Szko\u0142a Podstawowa nr 2 im. Marii Sk\u0142odowskiej - Curie","og_description":"Konkursy Autobus szkolny","og_url":"https:\/\/sp2plewiska.edu.pl\/index.php\/informacje\/","og_site_name":"Szko\u0142a Podstawowa nr 2 im. Marii Sk\u0142odowskiej - Curie","article_modified_time":"2024-04-10T08:40:54+00:00","twitter_card":"summary_large_image","twitter_misc":{"Szacowany czas czytania":"1 minuta"},"schema":{"@context":"https:\/\/schema.org","@graph":[{"@type":"WebPage","@id":"https:\/\/sp2plewiska.edu.pl\/index.php\/informacje\/","url":"https:\/\/sp2plewiska.edu.pl\/index.php\/informacje\/","name":"Z \u017cycia szko\u0142y - Szko\u0142a Podstawowa nr 2 im. Marii Sk\u0142odowskiej - Curie","isPartOf":{"@id":"https:\/\/sp2plewiska.edu.pl\/#website"},"datePublished":"2023-11-21T12:29:26+00:00","dateModified":"2024-04-10T08:40:54+00:00","breadcrumb":{"@id":"https:\/\/sp2plewiska.edu.pl\/index.php\/informacje\/#breadcrumb"},"inLanguage":"pl-PL","potentialAction":[{"@type":"ReadAction","target":["https:\/\/sp2plewiska.edu.pl\/index.php\/informacje\/"]}]},{"@type":"BreadcrumbList","@id":"https:\/\/sp2plewiska.edu.pl\/index.php\/informacje\/#breadcrumb","itemListElement":[{"@type":"ListItem","position":1,"name":"Home","item":"https:\/\/sp2plewiska.edu.pl\/"},{"@type":"ListItem","position":2,"name":"Z \u017cycia szko\u0142y"}]},{"@type":"WebSite","@id":"https:\/\/sp2plewiska.edu.pl\/#website","url":"https:\/\/sp2plewiska.edu.pl\/","name":"Szko\u0142a Podstawowa nr 2 im. Marii Sk\u0142odowskiej - Curie","description":"w Plewiskach","publisher":{"@id":"https:\/\/sp2plewiska.edu.pl\/#organization"},"potentialAction":[{"@type":"SearchAction","target":{"@type":"EntryPoint","urlTemplate":"https:\/\/sp2plewiska.edu.pl\/?s={search_term_string}"},"query-input":"required name=search_term_string"}],"inLanguage":"pl-PL"},{"@type":"Organization","@id":"https:\/\/sp2plewiska.edu.pl\/#organization","name":"Szko\u0142a Podstawowa nr 2 im. Marii Sk\u0142odowskiej - Curie","url":"https:\/\/sp2plewiska.edu.pl\/","logo":{"@type":"ImageObject","inLanguage":"pl-PL","@id":"https:\/\/sp2plewiska.edu.pl\/#\/schema\/logo\/image\/","url":"https:\/\/sp2plewiska.edu.pl\/wp-content\/uploads\/2024\/04\/cropped-cropped-8-1-scaled-1.jpg","contentUrl":"https:\/\/sp2plewiska.edu.pl\/wp-content\/uploads\/2024\/04\/cropped-cropped-8-1-scaled-1.jpg","width":2520,"height":936,"caption":"Szko\u0142a Podstawowa nr 2 im. Marii Sk\u0142odowskiej - Curie "},"image":{"@id":"https:\/\/sp2plewiska.edu.pl\/#\/schema\/logo\/image\/"}}]}},"_links":{"self":[{"href":"https:\/\/sp2plewiska.edu.pl\/index.php\/wp-json\/wp\/v2\/pages\/16","targetHints":{"allow":["GET"]}}],"collection":[{"href":"https:\/\/sp2plewiska.edu.pl\/index.php\/wp-json\/wp\/v2\/pages"}],"about":[{"href":"https:\/\/sp2plewiska.edu.pl\/index.php\/wp-json\/wp\/v2\/types\/page"}],"author":[{"embeddable":true,"href":"https:\/\/sp2plewiska.edu.pl\/index.php\/wp-json\/wp\/v2\/users\/1"}],"replies":[{"embeddable":true,"href":"https:\/\/sp2plewiska.edu.pl\/index.php\/wp-json\/wp\/v2\/comments?post=16"}],"version-history":[{"count":8,"href":"https:\/\/sp2plewiska.edu.pl\/index.php\/wp-json\/wp\/v2\/pages\/16\/revisions"}],"predecessor-version":[{"id":454,"href":"https:\/\/sp2plewiska.edu.pl\/index.php\/wp-json\/wp\/v2\/pages\/16\/revisions\/454"}],"wp:attachment":[{"href":"https:\/\/sp2plewiska.edu.pl\/index.php\/wp-json\/wp\/v2\/media?parent=16"}],"curies":[{"name":"wp","href":"https:\/\/api.w.org\/{rel}","templated":true}]}}