{"id":531,"date":"2024-04-30T07:30:29","date_gmt":"2024-04-30T05:30:29","guid":{"rendered":"https:\/\/sp2plewiska.edu.pl\/?page_id=531"},"modified":"2024-04-30T11:54:03","modified_gmt":"2024-04-30T09:54:03","slug":"klasa-dwujezyczna","status":"publish","type":"page","link":"https:\/\/sp2plewiska.edu.pl\/index.php\/klasa-dwujezyczna\/","title":{"rendered":"Klasa dwuj\u0119zyczna"},"content":{"rendered":"\n<p>W Szkole Podstawowej nr 2 im. Marii Sk\u0142odowskiej-Curie w Plewiskach planuje si\u0119 otwarcie klasy VII dwuj\u0119zycznej. B\u0119dzie to oddzia\u0142, w kt\u00f3rym nauczanie b\u0119dzie prowadzone w dw\u00f3ch j\u0119zykach: polskim oraz j\u0119zyku niemieckim. Szczeg\u00f3\u0142y i potrzebne dokumenty poni\u017cej.<\/p>\n\n\n\n<div class=\"wp-block-file\"><a id=\"wp-block-file--media-d3f445fe-0d57-4995-9ead-35562cbf046f\" href=\"https:\/\/sp2plewiska.edu.pl\/wp-content\/uploads\/2024\/04\/klasa-dwujeczyna-opis.pdf\">Klasa VII dwuj\u0119zyczna informacje<\/a><a href=\"https:\/\/sp2plewiska.edu.pl\/wp-content\/uploads\/2024\/04\/klasa-dwujeczyna-opis.pdf\" class=\"wp-block-file__button wp-element-button\" download aria-describedby=\"wp-block-file--media-d3f445fe-0d57-4995-9ead-35562cbf046f\">Pobierz<\/a><\/div>\n\n\n\n<div class=\"wp-block-file\"><a id=\"wp-block-file--media-dc1d6330-9db0-4e31-af36-d0c9c826716b\" href=\"https:\/\/sp2plewiska.edu.pl\/wp-content\/uploads\/2024\/04\/zasady-naboru-do-dwujezycznej-24-25.pdf\">Zasady naboru do klasy dwuj\u0119zycznej w roku szkolnym 2024\/2025<\/a><a href=\"https:\/\/sp2plewiska.edu.pl\/wp-content\/uploads\/2024\/04\/zasady-naboru-do-dwujezycznej-24-25.pdf\" class=\"wp-block-file__button wp-element-button\" download aria-describedby=\"wp-block-file--media-dc1d6330-9db0-4e31-af36-d0c9c826716b\">Pobierz<\/a><\/div>\n\n\n\n<div class=\"wp-block-file\"><a id=\"wp-block-file--media-c1f4d6b7-591c-42d5-877b-43fb35292240\" href=\"https:\/\/sp2plewiska.edu.pl\/wp-content\/uploads\/2024\/04\/KARTA-ZGLOSZENIA-DO-KLASY-SZKOLA-W-PLEWISKACH.pdf\">Karta zg\u0142oszenia dziecka do klasy VII dwuj\u0119zycznej<\/a><a href=\"https:\/\/sp2plewiska.edu.pl\/wp-content\/uploads\/2024\/04\/KARTA-ZGLOSZENIA-DO-KLASY-SZKOLA-W-PLEWISKACH.pdf\" class=\"wp-block-file__button wp-element-button\" download aria-describedby=\"wp-block-file--media-c1f4d6b7-591c-42d5-877b-43fb35292240\">Pobierz<\/a><\/div>\n\n\n\n<div class=\"wp-block-file\"><a id=\"wp-block-file--media-30eeef5c-81ae-4100-b886-a734dea617ac\" href=\"https:\/\/sp2plewiska.edu.pl\/wp-content\/uploads\/2024\/04\/warunki-przeprowadzenia-sprawdzanu-predyspozycji-jezykowych.pdf\">Warunki przeprowadzenia sprawdzianu predyspozycji j\u0119zykowych<\/a><a href=\"https:\/\/sp2plewiska.edu.pl\/wp-content\/uploads\/2024\/04\/warunki-przeprowadzenia-sprawdzanu-predyspozycji-jezykowych.pdf\" class=\"wp-block-file__button wp-element-button\" download aria-describedby=\"wp-block-file--media-30eeef5c-81ae-4100-b886-a734dea617ac\">Pobierz<\/a><\/div>\n\n\n\n<div class=\"wp-block-file\"><a id=\"wp-block-file--media-2bc29309-c318-4272-add7-022e578b31d0\" href=\"https:\/\/sp2plewiska.edu.pl\/wp-content\/uploads\/2024\/04\/potwierdzenie-woli-przyjecia-dziecka-do-klasy-dwujezycznej.pdf\">Potwierdzenie woli przyj\u0119cia dziecka do klasy VII dwuj\u0119zycznej<\/a><a href=\"https:\/\/sp2plewiska.edu.pl\/wp-content\/uploads\/2024\/04\/potwierdzenie-woli-przyjecia-dziecka-do-klasy-dwujezycznej.pdf\" class=\"wp-block-file__button wp-element-button\" download aria-describedby=\"wp-block-file--media-2bc29309-c318-4272-add7-022e578b31d0\">Pobierz<\/a><\/div>\n\n\n\n<div class=\"wp-block-file\"><a id=\"wp-block-file--media-d96c8a43-6e83-4d47-b30b-0b816220d2c0\" href=\"https:\/\/sp2plewiska.edu.pl\/wp-content\/uploads\/2024\/04\/Oswiadczenie_o_wielodzietnosci_rodziny_kandydata.pdf\">O\u015bwiadczenie o wielodzietno\u015bci rodziny kandydata<\/a><a href=\"https:\/\/sp2plewiska.edu.pl\/wp-content\/uploads\/2024\/04\/Oswiadczenie_o_wielodzietnosci_rodziny_kandydata.pdf\" class=\"wp-block-file__button wp-element-button\" download aria-describedby=\"wp-block-file--media-d96c8a43-6e83-4d47-b30b-0b816220d2c0\">Pobierz<\/a><\/div>\n\n\n\n<div class=\"wp-block-file\"><a id=\"wp-block-file--media-a50e4c64-19ad-472e-9777-5ba8f9964675\" href=\"https:\/\/sp2plewiska.edu.pl\/wp-content\/uploads\/2024\/04\/Oswiadczenie_o_samotnym_wychowywaniu_kandydata_w_rodzinie.pdf\">O\u015bwiadczenie o samotnym wychowywaniu kandydata w rodzinie<\/a><a href=\"https:\/\/sp2plewiska.edu.pl\/wp-content\/uploads\/2024\/04\/Oswiadczenie_o_samotnym_wychowywaniu_kandydata_w_rodzinie.pdf\" class=\"wp-block-file__button wp-element-button\" download aria-describedby=\"wp-block-file--media-a50e4c64-19ad-472e-9777-5ba8f9964675\">Pobierz<\/a><\/div>\n","protected":false},"excerpt":{"rendered":"<p>W Szkole Podstawowej nr 2 im. Marii Sk\u0142odowskiej-Curie w Plewiskach planuje si\u0119 otwarcie klasy VII dwuj\u0119zycznej. B\u0119dzie to oddzia\u0142, w kt\u00f3rym nauczanie b\u0119dzie prowadzone w dw\u00f3ch j\u0119zykach: polskim oraz j\u0119zyku niemieckim. Szczeg\u00f3\u0142y i potrzebne dokumenty poni\u017cej.<\/p>\n","protected":false},"author":1,"featured_media":0,"parent":0,"menu_order":0,"comment_status":"closed","ping_status":"closed","template":"","meta":{"footnotes":""},"class_list":["post-531","page","type-page","status-publish","hentry"],"yoast_head":"<!-- This site is optimized with the Yoast SEO plugin v21.5 - https:\/\/yoast.com\/wordpress\/plugins\/seo\/ -->\n<title>Klasa dwuj\u0119zyczna - Szko\u0142a Podstawowa nr 2 im. Marii Sk\u0142odowskiej - Curie<\/title>\n<meta name=\"robots\" content=\"index, follow, max-snippet:-1, max-image-preview:large, max-video-preview:-1\" \/>\n<link rel=\"canonical\" href=\"https:\/\/sp2plewiska.edu.pl\/index.php\/klasa-dwujezyczna\/\" \/>\n<meta property=\"og:locale\" content=\"pl_PL\" \/>\n<meta property=\"og:type\" content=\"article\" \/>\n<meta property=\"og:title\" content=\"Klasa dwuj\u0119zyczna - Szko\u0142a Podstawowa nr 2 im. Marii Sk\u0142odowskiej - Curie\" \/>\n<meta property=\"og:description\" content=\"W Szkole Podstawowej nr 2 im. Marii Sk\u0142odowskiej-Curie w Plewiskach planuje si\u0119 otwarcie klasy VII dwuj\u0119zycznej. B\u0119dzie to oddzia\u0142, w kt\u00f3rym nauczanie b\u0119dzie prowadzone w dw\u00f3ch j\u0119zykach: polskim oraz j\u0119zyku niemieckim. Szczeg\u00f3\u0142y i potrzebne dokumenty poni\u017cej.\" \/>\n<meta property=\"og:url\" content=\"https:\/\/sp2plewiska.edu.pl\/index.php\/klasa-dwujezyczna\/\" \/>\n<meta property=\"og:site_name\" content=\"Szko\u0142a Podstawowa nr 2 im. Marii Sk\u0142odowskiej - Curie\" \/>\n<meta property=\"article:modified_time\" content=\"2024-04-30T09:54:03+00:00\" \/>\n<meta name=\"twitter:card\" content=\"summary_large_image\" \/>\n<meta name=\"twitter:label1\" content=\"Szacowany czas czytania\" \/>\n\t<meta name=\"twitter:data1\" content=\"1 minuta\" \/>\n<script type=\"application\/ld+json\" class=\"yoast-schema-graph\">{\"@context\":\"https:\/\/schema.org\",\"@graph\":[{\"@type\":\"WebPage\",\"@id\":\"https:\/\/sp2plewiska.edu.pl\/index.php\/klasa-dwujezyczna\/\",\"url\":\"https:\/\/sp2plewiska.edu.pl\/index.php\/klasa-dwujezyczna\/\",\"name\":\"Klasa dwuj\u0119zyczna - Szko\u0142a Podstawowa nr 2 im. Marii Sk\u0142odowskiej - Curie\",\"isPartOf\":{\"@id\":\"https:\/\/sp2plewiska.edu.pl\/#website\"},\"datePublished\":\"2024-04-30T05:30:29+00:00\",\"dateModified\":\"2024-04-30T09:54:03+00:00\",\"breadcrumb\":{\"@id\":\"https:\/\/sp2plewiska.edu.pl\/index.php\/klasa-dwujezyczna\/#breadcrumb\"},\"inLanguage\":\"pl-PL\",\"potentialAction\":[{\"@type\":\"ReadAction\",\"target\":[\"https:\/\/sp2plewiska.edu.pl\/index.php\/klasa-dwujezyczna\/\"]}]},{\"@type\":\"BreadcrumbList\",\"@id\":\"https:\/\/sp2plewiska.edu.pl\/index.php\/klasa-dwujezyczna\/#breadcrumb\",\"itemListElement\":[{\"@type\":\"ListItem\",\"position\":1,\"name\":\"Home\",\"item\":\"https:\/\/sp2plewiska.edu.pl\/\"},{\"@type\":\"ListItem\",\"position\":2,\"name\":\"Klasa dwuj\u0119zyczna\"}]},{\"@type\":\"WebSite\",\"@id\":\"https:\/\/sp2plewiska.edu.pl\/#website\",\"url\":\"https:\/\/sp2plewiska.edu.pl\/\",\"name\":\"Szko\u0142a Podstawowa nr 2 im. Marii Sk\u0142odowskiej - Curie\",\"description\":\"w Plewiskach\",\"publisher\":{\"@id\":\"https:\/\/sp2plewiska.edu.pl\/#organization\"},\"potentialAction\":[{\"@type\":\"SearchAction\",\"target\":{\"@type\":\"EntryPoint\",\"urlTemplate\":\"https:\/\/sp2plewiska.edu.pl\/?s={search_term_string}\"},\"query-input\":\"required name=search_term_string\"}],\"inLanguage\":\"pl-PL\"},{\"@type\":\"Organization\",\"@id\":\"https:\/\/sp2plewiska.edu.pl\/#organization\",\"name\":\"Szko\u0142a Podstawowa nr 2 im. Marii Sk\u0142odowskiej - Curie\",\"url\":\"https:\/\/sp2plewiska.edu.pl\/\",\"logo\":{\"@type\":\"ImageObject\",\"inLanguage\":\"pl-PL\",\"@id\":\"https:\/\/sp2plewiska.edu.pl\/#\/schema\/logo\/image\/\",\"url\":\"https:\/\/sp2plewiska.edu.pl\/wp-content\/uploads\/2024\/04\/cropped-cropped-8-1-scaled-1.jpg\",\"contentUrl\":\"https:\/\/sp2plewiska.edu.pl\/wp-content\/uploads\/2024\/04\/cropped-cropped-8-1-scaled-1.jpg\",\"width\":2520,\"height\":936,\"caption\":\"Szko\u0142a Podstawowa nr 2 im. Marii Sk\u0142odowskiej - Curie \"},\"image\":{\"@id\":\"https:\/\/sp2plewiska.edu.pl\/#\/schema\/logo\/image\/\"}}]}<\/script>\n<!-- \/ Yoast SEO plugin. -->","yoast_head_json":{"title":"Klasa dwuj\u0119zyczna - Szko\u0142a Podstawowa nr 2 im. Marii Sk\u0142odowskiej - Curie","robots":{"index":"index","follow":"follow","max-snippet":"max-snippet:-1","max-image-preview":"max-image-preview:large","max-video-preview":"max-video-preview:-1"},"canonical":"https:\/\/sp2plewiska.edu.pl\/index.php\/klasa-dwujezyczna\/","og_locale":"pl_PL","og_type":"article","og_title":"Klasa dwuj\u0119zyczna - Szko\u0142a Podstawowa nr 2 im. Marii Sk\u0142odowskiej - Curie","og_description":"W Szkole Podstawowej nr 2 im. Marii Sk\u0142odowskiej-Curie w Plewiskach planuje si\u0119 otwarcie klasy VII dwuj\u0119zycznej. B\u0119dzie to oddzia\u0142, w kt\u00f3rym nauczanie b\u0119dzie prowadzone w dw\u00f3ch j\u0119zykach: polskim oraz j\u0119zyku niemieckim. Szczeg\u00f3\u0142y i potrzebne dokumenty poni\u017cej.","og_url":"https:\/\/sp2plewiska.edu.pl\/index.php\/klasa-dwujezyczna\/","og_site_name":"Szko\u0142a Podstawowa nr 2 im. Marii Sk\u0142odowskiej - Curie","article_modified_time":"2024-04-30T09:54:03+00:00","twitter_card":"summary_large_image","twitter_misc":{"Szacowany czas czytania":"1 minuta"},"schema":{"@context":"https:\/\/schema.org","@graph":[{"@type":"WebPage","@id":"https:\/\/sp2plewiska.edu.pl\/index.php\/klasa-dwujezyczna\/","url":"https:\/\/sp2plewiska.edu.pl\/index.php\/klasa-dwujezyczna\/","name":"Klasa dwuj\u0119zyczna - Szko\u0142a Podstawowa nr 2 im. Marii Sk\u0142odowskiej - Curie","isPartOf":{"@id":"https:\/\/sp2plewiska.edu.pl\/#website"},"datePublished":"2024-04-30T05:30:29+00:00","dateModified":"2024-04-30T09:54:03+00:00","breadcrumb":{"@id":"https:\/\/sp2plewiska.edu.pl\/index.php\/klasa-dwujezyczna\/#breadcrumb"},"inLanguage":"pl-PL","potentialAction":[{"@type":"ReadAction","target":["https:\/\/sp2plewiska.edu.pl\/index.php\/klasa-dwujezyczna\/"]}]},{"@type":"BreadcrumbList","@id":"https:\/\/sp2plewiska.edu.pl\/index.php\/klasa-dwujezyczna\/#breadcrumb","itemListElement":[{"@type":"ListItem","position":1,"name":"Home","item":"https:\/\/sp2plewiska.edu.pl\/"},{"@type":"ListItem","position":2,"name":"Klasa dwuj\u0119zyczna"}]},{"@type":"WebSite","@id":"https:\/\/sp2plewiska.edu.pl\/#website","url":"https:\/\/sp2plewiska.edu.pl\/","name":"Szko\u0142a Podstawowa nr 2 im. Marii Sk\u0142odowskiej - Curie","description":"w Plewiskach","publisher":{"@id":"https:\/\/sp2plewiska.edu.pl\/#organization"},"potentialAction":[{"@type":"SearchAction","target":{"@type":"EntryPoint","urlTemplate":"https:\/\/sp2plewiska.edu.pl\/?s={search_term_string}"},"query-input":"required name=search_term_string"}],"inLanguage":"pl-PL"},{"@type":"Organization","@id":"https:\/\/sp2plewiska.edu.pl\/#organization","name":"Szko\u0142a Podstawowa nr 2 im. Marii Sk\u0142odowskiej - Curie","url":"https:\/\/sp2plewiska.edu.pl\/","logo":{"@type":"ImageObject","inLanguage":"pl-PL","@id":"https:\/\/sp2plewiska.edu.pl\/#\/schema\/logo\/image\/","url":"https:\/\/sp2plewiska.edu.pl\/wp-content\/uploads\/2024\/04\/cropped-cropped-8-1-scaled-1.jpg","contentUrl":"https:\/\/sp2plewiska.edu.pl\/wp-content\/uploads\/2024\/04\/cropped-cropped-8-1-scaled-1.jpg","width":2520,"height":936,"caption":"Szko\u0142a Podstawowa nr 2 im. Marii Sk\u0142odowskiej - Curie "},"image":{"@id":"https:\/\/sp2plewiska.edu.pl\/#\/schema\/logo\/image\/"}}]}},"_links":{"self":[{"href":"https:\/\/sp2plewiska.edu.pl\/index.php\/wp-json\/wp\/v2\/pages\/531","targetHints":{"allow":["GET"]}}],"collection":[{"href":"https:\/\/sp2plewiska.edu.pl\/index.php\/wp-json\/wp\/v2\/pages"}],"about":[{"href":"https:\/\/sp2plewiska.edu.pl\/index.php\/wp-json\/wp\/v2\/types\/page"}],"author":[{"embeddable":true,"href":"https:\/\/sp2plewiska.edu.pl\/index.php\/wp-json\/wp\/v2\/users\/1"}],"replies":[{"embeddable":true,"href":"https:\/\/sp2plewiska.edu.pl\/index.php\/wp-json\/wp\/v2\/comments?post=531"}],"version-history":[{"count":5,"href":"https:\/\/sp2plewiska.edu.pl\/index.php\/wp-json\/wp\/v2\/pages\/531\/revisions"}],"predecessor-version":[{"id":551,"href":"https:\/\/sp2plewiska.edu.pl\/index.php\/wp-json\/wp\/v2\/pages\/531\/revisions\/551"}],"wp:attachment":[{"href":"https:\/\/sp2plewiska.edu.pl\/index.php\/wp-json\/wp\/v2\/media?parent=531"}],"curies":[{"name":"wp","href":"https:\/\/api.w.org\/{rel}","templated":true}]}}